{"id":41189,"date":"2018-10-17T18:26:59","date_gmt":"2018-10-17T16:26:59","guid":{"rendered":"https:\/\/www.daemon4.com\/contato\/sugestoes\/"},"modified":"2025-01-16T09:29:52","modified_gmt":"2025-01-16T08:29:52","slug":"sugestoes","status":"publish","type":"page","link":"https:\/\/www.daemon4.com\/pt-pt\/contato\/sugestoes\/","title":{"rendered":"Sugest\u00f5es"},"content":{"rendered":"<p><div id=\"contacta-con-nosotros\" class=\"fusion-container-anchor\"><div class=\"fusion-fullwidth fullwidth-box fusion-builder-row-1 daemon4-custom-form-section-light nonhundred-percent-fullwidth non-hundred-percent-height-scrolling\" style=\"--awb-background-position:center bottom;--awb-border-radius-top-left:0px;--awb-border-radius-top-right:0px;--awb-border-radius-bottom-right:0px;--awb-border-radius-bottom-left:0px;--awb-padding-top:100px;--awb-padding-right:10%;--awb-padding-bottom:100px;--awb-padding-left:10%;--awb-background-color:#ffffff;--awb-border-sizes-top:0px;--awb-border-sizes-bottom:0px;--awb-flex-wrap:wrap;\" ><div class=\"fusion-builder-row fusion-row\"><div class=\"fusion-layout-column fusion_builder_column fusion-builder-column-0 fusion_builder_column_1_1 1_1 fusion-one-full fusion-column-first fusion-column-last fusion-column-no-min-height\" style=\"--awb-bg-size:cover;--awb-margin-bottom:0px;\"><div class=\"fusion-column-wrapper fusion-flex-column-wrapper-legacy\"><div class=\"fusion-fa-align-center\"><i class=\"fb-icon-element-1 fb-icon-element fontawesome-icon fa-exclamation fas circle-no\" style=\"--awb-iconcolor:#d7282f;--awb-iconcolor-hover:#d7282f;--awb-font-size:100px;--awb-margin-bottom:20px;\"><\/i><\/div><div class=\"fusion-text fusion-text-1\"><h4 style=\"text-align: center;\"><span style=\"color: #1d252c;\">Tens sugest\u00f5es para algum dos nossos programas?<\/span><\/h4>\n<\/div><div class=\"fusion-sep-clear\"><\/div><div class=\"fusion-separator\" style=\"margin-left: auto;margin-right: auto;margin-top:10px;margin-bottom:35px;width:100%;max-width:20%;\"><div class=\"fusion-separator-border sep-single sep-solid\" style=\"--awb-height:20px;--awb-amount:20px;--awb-sep-color:#d7282f;border-color:#d7282f;border-top-width:3px;\"><\/div><\/div><div class=\"fusion-sep-clear\"><\/div><div class=\"fusion-text fusion-text-2 daemon4-custom-last-p-no-margin\"><p style=\"text-align: center;\"><span style=\"color: #1d252c;\">Estamos encantados de receber sugest\u00f5es para melhorar os nossos programas. A nossa equipa t\u00e9cnica analisa a viabilidade de todas as propostas recebidas, e muitas delas s\u00e3o adicionadas aos nossos programas nas suas atualiza\u00e7\u00f5es sucessivas. <strong>N\u00e3o hesites em envi\u00e1-las.<\/strong> Preenche o formul\u00e1rio e teremos em conta as tuas sugest\u00f5es.<\/span><\/p>\n<\/div><div class=\"fusion-clearfix\"><\/div><\/div><\/div><\/div><\/div><\/div><div class=\"fusion-fullwidth fullwidth-box fusion-builder-row-2 nonhundred-percent-fullwidth non-hundred-percent-height-scrolling\" style=\"--awb-background-position:center bottom;--awb-border-radius-top-left:0px;--awb-border-radius-top-right:0px;--awb-border-radius-bottom-right:0px;--awb-border-radius-bottom-left:0px;--awb-padding-top:150px;--awb-padding-bottom:150px;--awb-background-color:#e9eaee;--awb-border-sizes-top:0px;--awb-border-sizes-bottom:0px;--awb-flex-wrap:wrap;\" ><div class=\"fusion-builder-row fusion-row\"><div class=\"fusion-layout-column fusion_builder_column fusion-builder-column-1 fusion_builder_column_1_1 1_1 fusion-one-full fusion-column-first fusion-column-last fusion-column-no-min-height\" style=\"--awb-bg-size:cover;--awb-margin-bottom:0px;\"><div class=\"fusion-column-wrapper fusion-flex-column-wrapper-legacy\"><div class=\"fusion-text fusion-text-3\"><h4 style=\"text-align: center;\">CAIXA DE SUGEST\u00d5ES<span style=\"color: #d7282f;\">.<\/span><\/h4>\n<\/div><div class=\"fusion-sep-clear\"><\/div><div class=\"fusion-separator\" style=\"margin-left: auto;margin-right: auto;margin-top:6px;margin-bottom:50px;width:100%;max-width:20%;\"><div class=\"fusion-separator-border sep-single sep-solid\" style=\"--awb-height:20px;--awb-amount:20px;--awb-sep-color:#d7282f;border-color:#d7282f;border-top-width:4px;\"><\/div><\/div><div class=\"fusion-sep-clear\"><\/div><div class=\"fusion-clearfix\"><\/div><\/div><\/div><div class=\"fusion-layout-column fusion_builder_column fusion-builder-column-2 fusion_builder_column_1_1 1_1 fusion-one-full fusion-column-first fusion-column-last\" style=\"--awb-bg-size:cover;--awb-margin-bottom:0px;\"><div class=\"fusion-column-wrapper fusion-flex-column-wrapper-legacy\">\n<div class=\"wpcf7 no-js\" id=\"wpcf7-f19826-o1\" lang=\"es-ES\" dir=\"ltr\" data-wpcf7-id=\"19826\">\n<div class=\"screen-reader-response\"><p role=\"status\" aria-live=\"polite\" aria-atomic=\"true\"><\/p> <ul><\/ul><\/div>\n<form action=\"\/pt-pt\/wp-json\/wp\/v2\/pages\/41189#wpcf7-f19826-o1\" method=\"post\" class=\"wpcf7-form init\" aria-label=\"Formulario de contacto\" novalidate=\"novalidate\" data-status=\"init\">\n<fieldset class=\"hidden-fields-container\"><input type=\"hidden\" name=\"_wpcf7\" value=\"19826\" \/><input type=\"hidden\" name=\"_wpcf7_version\" value=\"6.1.5\" \/><input type=\"hidden\" name=\"_wpcf7_locale\" value=\"es_ES\" \/><input type=\"hidden\" name=\"_wpcf7_unit_tag\" value=\"wpcf7-f19826-o1\" \/><input type=\"hidden\" name=\"_wpcf7_container_post\" value=\"0\" \/><input type=\"hidden\" name=\"_wpcf7_posted_data_hash\" value=\"\" \/>\n<\/fieldset>\n<div class=\"fusion-builder-row fusion-row fusion-flex-align-items-flex-start\">\n\t<div class=\"fusion-one-full fusion-layout-column fusion-column-last fusion-spacing-yes\">\n\t\t<p><label>Nombre<\/label><span class=\"wpcf7-form-control-wrap\" data-name=\"daemon4-custom-form-name\"><input size=\"40\" maxlength=\"400\" class=\"wpcf7-form-control wpcf7-text wpcf7-validates-as-required\" aria-required=\"true\" aria-invalid=\"false\" value=\"\" type=\"text\" name=\"daemon4-custom-form-name\" \/><\/span>\n\t\t<\/p>\n\t<\/div>\n\t<div class=\"fusion-one-third fusion-layout-column fusion-spacing-yes\">\n\t\t<p><label>Empresa<\/label><span class=\"wpcf7-form-control-wrap\" data-name=\"daemon4-custom-form-company\"><input size=\"40\" maxlength=\"400\" class=\"wpcf7-form-control wpcf7-text\" aria-invalid=\"false\" value=\"\" type=\"text\" name=\"daemon4-custom-form-company\" \/><\/span>\n\t\t<\/p>\n\t<\/div>\n\t<div class=\"fusion-one-third fusion-layout-column fusion-spacing-yes\">\n\t\t<p><label>Tel\u00e9fono<\/label><span class=\"wpcf7-form-control-wrap\" data-name=\"daemon4-custom-form-phone\"><input size=\"40\" maxlength=\"400\" class=\"wpcf7-form-control wpcf7-text wpcf7-validates-as-required\" aria-required=\"true\" aria-invalid=\"false\" value=\"\" type=\"text\" name=\"daemon4-custom-form-phone\" \/><\/span>\n\t\t<\/p>\n\t<\/div>\n\t<div class=\"fusion-one-third fusion-layout-column fusion-column-last fusion-spacing-yes\">\n\t\t<p><label>Email<\/label><span class=\"wpcf7-form-control-wrap\" data-name=\"daemon4-custom-form-email\"><input size=\"40\" maxlength=\"400\" class=\"wpcf7-form-control wpcf7-text wpcf7-validates-as-required\" aria-required=\"true\" aria-invalid=\"false\" value=\"\" type=\"text\" name=\"daemon4-custom-form-email\" \/><\/span>\n\t\t<\/p>\n\t<\/div>\n\t<div class=\"fusion-one-full fusion-layout-column fusion-column-last fusion-spacing-yes\">\n\t\t<p><label>Producto<\/label><span class=\"wpcf7-form-control-wrap\" data-name=\"daemon4-custom-form-product\"><select class=\"wpcf7-form-control wpcf7-select\" aria-invalid=\"false\" name=\"daemon4-custom-form-product\"><option value=\"\">&#8212;Por favor, elige una opci\u00f3n&#8212;<\/option><option value=\"d.Production ERP\">d.Production ERP<\/option><option value=\"Expowin ERP\">Expowin ERP<\/option><option value=\"Multiplo ERP\">Multiplo ERP<\/option><option value=\"Logistic ERP\">Logistic ERP<\/option><option value=\"Contadoc\">Contadoc<\/option><\/select><\/span>\n\t\t<\/p>\n\t<\/div>\n\t<div class=\"fusion-one-full fusion-layout-column fusion-column-last fusion-spacing-yes\">\n\t\t<p><label>Asunto<\/label><span class=\"wpcf7-form-control-wrap\" data-name=\"daemon4-custom-form-subject\"><input size=\"40\" maxlength=\"400\" class=\"wpcf7-form-control wpcf7-text wpcf7-validates-as-required\" aria-required=\"true\" aria-invalid=\"false\" value=\"\" type=\"text\" name=\"daemon4-custom-form-subject\" \/><\/span>\n\t\t<\/p>\n\t<\/div>\n\t<div class=\"fusion-one-full fusion-layout-column fusion-column-last fusion-spacing-yes\">\n\t\t<p><label>Mensaje<\/label><span class=\"wpcf7-form-control-wrap\" data-name=\"daemon4-custom-form-message\"><textarea cols=\"40\" rows=\"10\" maxlength=\"2000\" class=\"wpcf7-form-control wpcf7-textarea wpcf7-validates-as-required\" aria-required=\"true\" aria-invalid=\"false\" name=\"daemon4-custom-form-message\"><\/textarea><\/span>\n\t\t<\/p>\n\t<\/div>\n\t<div class=\"fusion-one-full fusion-layout-column fusion-column-last fusion-spacing-yes\">\n\t\t<p><label>Para comprobar que usted no es una m\u00e1quina, responda a esta sencilla pregunta: <\/label><span class=\"wpcf7-form-control-wrap\" data-name=\"quiz-393\"><label><span class=\"wpcf7-quiz-label\">\u00bfCu\u00e1nto son 7-3?<\/span> <input size=\"40\" class=\"wpcf7-form-control wpcf7-quiz\" autocomplete=\"off\" aria-required=\"true\" aria-invalid=\"false\" type=\"text\" name=\"quiz-393\" \/><\/label><input type=\"hidden\" name=\"_wpcf7_quiz_answer_quiz-393\" value=\"4b4fe2bd19fd76f360515e4812eb204f\" \/><\/span>\n\t\t<\/p>\n\t<\/div>\n\t<div class=\"fusion-one-full fusion-layout-column fusion-column-last fusion-spacing-yes\">\n\t\t<p><span class=\"wpcf7-form-control-wrap\" data-name=\"daemon4-custom-form-privacy\"><span class=\"wpcf7-form-control wpcf7-acceptance\"><span class=\"wpcf7-list-item\"><label><input type=\"checkbox\" name=\"daemon4-custom-form-privacy\" value=\"1\" aria-invalid=\"false\" \/><span class=\"wpcf7-list-item-label\">Confirmo que tengo m\u00e1s de 14 a\u00f1os, y que estoy de acuerdo con el procesamiento de mis datos seg\u00fan la <a href=\"\/privacidad\/\" target=\"_blank\" title=\"Pol\u00edtica de privacidad\">Pol\u00edtica de Privacidad<\/a>.*<\/span><\/label><\/span><\/span><\/span>\n\t\t<\/p>\n\t<\/div>\n\t<div class=\"fusion-one-full fusion-layout-column fusion-column-last fusion-spacing-yes\">\n\t\t<p><span class=\"wpcf7-form-control-wrap\" data-name=\"acceptance-253\"><span class=\"wpcf7-form-control wpcf7-acceptance optional\"><span class=\"wpcf7-list-item\"><label><input type=\"checkbox\" name=\"acceptance-253\" value=\"1\" aria-invalid=\"false\" \/><span class=\"wpcf7-list-item-label\">Acepto recibir correos promocionales.<\/span><\/label><\/span><\/span><\/span>\n\t\t<\/p>\n\t<\/div>\n\t<div class=\"fusion-one-full fusion-layout-column fusion-column-last fusion-spacing-yes\">\n\t\t<p><input class=\"wpcf7-form-control wpcf7-submit has-spinner button-xlarge\" type=\"submit\" value=\"Enviar\" \/>\n\t\t<\/p>\n\t<\/div>\n<\/div><p style=\"display: none !important;\" class=\"akismet-fields-container\" data-prefix=\"_wpcf7_ak_\"><label>&#916;<textarea name=\"_wpcf7_ak_hp_textarea\" cols=\"45\" rows=\"8\" maxlength=\"100\"><\/textarea><\/label><input type=\"hidden\" id=\"ak_js_1\" name=\"_wpcf7_ak_js\" value=\"24\"\/><script type=\"text\/javascript\">\n\/* <![CDATA[ *\/\ndocument.getElementById( \"ak_js_1\" ).setAttribute( \"value\", ( new Date() ).getTime() );\n\/* ]]> *\/\n<\/script>\n<\/p><div class=\"fusion-alert alert custom alert-custom fusion-alert-center wpcf7-response-output fusion-alert-capitalize awb-alert-native-link-color alert-dismissable awb-alert-close-boxed\" style=\"--awb-border-size:1px;--awb-border-top-left-radius:0px;--awb-border-top-right-radius:0px;--awb-border-bottom-left-radius:0px;--awb-border-bottom-right-radius:0px;\" role=\"alert\"><div class=\"fusion-alert-content-wrapper\"><span class=\"fusion-alert-content\"><\/span><\/div><button type=\"button\" class=\"close toggle-alert\" data-dismiss=\"alert\" aria-label=\"Close\">&times;<\/button><\/div>\n<\/form>\n<\/div>\n<div class=\"fusion-clearfix\"><\/div><\/div><\/div><\/div><\/div><\/p>\n","protected":false},"excerpt":{"rendered":"","protected":false},"author":1,"featured_media":0,"parent":41185,"menu_order":0,"comment_status":"closed","ping_status":"closed","template":"100-width.php","meta":{"footnotes":""},"class_list":["post-41189","page","type-page","status-publish","hentry"],"yoast_head":"<!-- This site is optimized with the Yoast SEO plugin v26.8 - https:\/\/yoast.com\/product\/yoast-seo-wordpress\/ -->\n<title>Sugest\u00f5es - Deixa as tuas propostas para os nossos ERPs - Daemon4<\/title>\n<meta name=\"description\" content=\"Tens alguma sugest\u00e3o para um dos nossos programas? Na Daemon4 utilizamos as opini\u00f5es dos nossos utilizadores para melhorar. Deixa-nos as tuas sugest\u00f5es.\" \/>\n<meta name=\"robots\" content=\"noindex, follow\" \/>\n<meta property=\"og:locale\" content=\"pt_PT\" \/>\n<meta property=\"og:type\" content=\"article\" \/>\n<meta property=\"og:title\" content=\"Sugest\u00f5es - Deixa as tuas propostas para os nossos ERPs - Daemon4\" \/>\n<meta property=\"og:description\" content=\"Tens alguma sugest\u00e3o para um dos nossos programas? Na Daemon4 utilizamos as opini\u00f5es dos nossos utilizadores para melhorar. Deixa-nos as tuas sugest\u00f5es.\" \/>\n<meta property=\"og:url\" content=\"https:\/\/www.daemon4.com\/pt-pt\/contato\/sugestoes\/\" \/>\n<meta property=\"og:site_name\" content=\"Daemon4\" \/>\n<meta property=\"article:publisher\" content=\"https:\/\/www.facebook.com\/Daemon4\" \/>\n<meta property=\"article:modified_time\" content=\"2025-01-16T08:29:52+00:00\" \/>\n<meta name=\"twitter:card\" content=\"summary_large_image\" \/>\n<meta name=\"twitter:site\" content=\"@Daemon4sll\" \/>\n<meta name=\"twitter:label1\" content=\"Tempo estimado de leitura\" \/>\n\t<meta name=\"twitter:data1\" content=\"4 minutos\" \/>\n<script type=\"application\/ld+json\" class=\"yoast-schema-graph\">{\"@context\":\"https:\/\/schema.org\",\"@graph\":[{\"@type\":\"WebPage\",\"@id\":\"https:\/\/www.daemon4.com\/pt-pt\/contato\/sugestoes\/\",\"url\":\"https:\/\/www.daemon4.com\/pt-pt\/contato\/sugestoes\/\",\"name\":\"Sugest\u00f5es - Deixa as tuas propostas para os nossos ERPs - Daemon4\",\"isPartOf\":{\"@id\":\"https:\/\/www.daemon4.com\/pt-pt\/#website\"},\"datePublished\":\"2018-10-17T16:26:59+00:00\",\"dateModified\":\"2025-01-16T08:29:52+00:00\",\"description\":\"Tens alguma sugest\u00e3o para um dos nossos programas? Na Daemon4 utilizamos as opini\u00f5es dos nossos utilizadores para melhorar. Deixa-nos as tuas sugest\u00f5es.\",\"breadcrumb\":{\"@id\":\"https:\/\/www.daemon4.com\/pt-pt\/contato\/sugestoes\/#breadcrumb\"},\"inLanguage\":\"pt-PT\",\"potentialAction\":[{\"@type\":\"ReadAction\",\"target\":[\"https:\/\/www.daemon4.com\/pt-pt\/contato\/sugestoes\/\"]}]},{\"@type\":\"BreadcrumbList\",\"@id\":\"https:\/\/www.daemon4.com\/pt-pt\/contato\/sugestoes\/#breadcrumb\",\"itemListElement\":[{\"@type\":\"ListItem\",\"position\":1,\"name\":\"Inicio\",\"item\":\"https:\/\/www.daemon4.com\/pt-pt\/\"},{\"@type\":\"ListItem\",\"position\":2,\"name\":\"Contacto\",\"item\":\"https:\/\/www.daemon4.com\/pt-pt\/contato\/\"},{\"@type\":\"ListItem\",\"position\":3,\"name\":\"Sugest\u00f5es\"}]},{\"@type\":\"WebSite\",\"@id\":\"https:\/\/www.daemon4.com\/pt-pt\/#website\",\"url\":\"https:\/\/www.daemon4.com\/pt-pt\/\",\"name\":\"Daemon4\",\"description\":\"Software de gesti\u00f3n ERP para empresas\",\"potentialAction\":[{\"@type\":\"SearchAction\",\"target\":{\"@type\":\"EntryPoint\",\"urlTemplate\":\"https:\/\/www.daemon4.com\/pt-pt\/?s={search_term_string}\"},\"query-input\":{\"@type\":\"PropertyValueSpecification\",\"valueRequired\":true,\"valueName\":\"search_term_string\"}}],\"inLanguage\":\"pt-PT\"}]}<\/script>\n<!-- \/ Yoast SEO plugin. -->","yoast_head_json":{"title":"Sugest\u00f5es - Deixa as tuas propostas para os nossos ERPs - Daemon4","description":"Tens alguma sugest\u00e3o para um dos nossos programas? Na Daemon4 utilizamos as opini\u00f5es dos nossos utilizadores para melhorar. Deixa-nos as tuas sugest\u00f5es.","robots":{"index":"noindex","follow":"follow"},"og_locale":"pt_PT","og_type":"article","og_title":"Sugest\u00f5es - Deixa as tuas propostas para os nossos ERPs - Daemon4","og_description":"Tens alguma sugest\u00e3o para um dos nossos programas? Na Daemon4 utilizamos as opini\u00f5es dos nossos utilizadores para melhorar. Deixa-nos as tuas sugest\u00f5es.","og_url":"https:\/\/www.daemon4.com\/pt-pt\/contato\/sugestoes\/","og_site_name":"Daemon4","article_publisher":"https:\/\/www.facebook.com\/Daemon4","article_modified_time":"2025-01-16T08:29:52+00:00","twitter_card":"summary_large_image","twitter_site":"@Daemon4sll","twitter_misc":{"Tempo estimado de leitura":"4 minutos"},"schema":{"@context":"https:\/\/schema.org","@graph":[{"@type":"WebPage","@id":"https:\/\/www.daemon4.com\/pt-pt\/contato\/sugestoes\/","url":"https:\/\/www.daemon4.com\/pt-pt\/contato\/sugestoes\/","name":"Sugest\u00f5es - Deixa as tuas propostas para os nossos ERPs - Daemon4","isPartOf":{"@id":"https:\/\/www.daemon4.com\/pt-pt\/#website"},"datePublished":"2018-10-17T16:26:59+00:00","dateModified":"2025-01-16T08:29:52+00:00","description":"Tens alguma sugest\u00e3o para um dos nossos programas? Na Daemon4 utilizamos as opini\u00f5es dos nossos utilizadores para melhorar. Deixa-nos as tuas sugest\u00f5es.","breadcrumb":{"@id":"https:\/\/www.daemon4.com\/pt-pt\/contato\/sugestoes\/#breadcrumb"},"inLanguage":"pt-PT","potentialAction":[{"@type":"ReadAction","target":["https:\/\/www.daemon4.com\/pt-pt\/contato\/sugestoes\/"]}]},{"@type":"BreadcrumbList","@id":"https:\/\/www.daemon4.com\/pt-pt\/contato\/sugestoes\/#breadcrumb","itemListElement":[{"@type":"ListItem","position":1,"name":"Inicio","item":"https:\/\/www.daemon4.com\/pt-pt\/"},{"@type":"ListItem","position":2,"name":"Contacto","item":"https:\/\/www.daemon4.com\/pt-pt\/contato\/"},{"@type":"ListItem","position":3,"name":"Sugest\u00f5es"}]},{"@type":"WebSite","@id":"https:\/\/www.daemon4.com\/pt-pt\/#website","url":"https:\/\/www.daemon4.com\/pt-pt\/","name":"Daemon4","description":"Software de gesti\u00f3n ERP para empresas","potentialAction":[{"@type":"SearchAction","target":{"@type":"EntryPoint","urlTemplate":"https:\/\/www.daemon4.com\/pt-pt\/?s={search_term_string}"},"query-input":{"@type":"PropertyValueSpecification","valueRequired":true,"valueName":"search_term_string"}}],"inLanguage":"pt-PT"}]}},"_links":{"self":[{"href":"https:\/\/www.daemon4.com\/pt-pt\/wp-json\/wp\/v2\/pages\/41189","targetHints":{"allow":["GET"]}}],"collection":[{"href":"https:\/\/www.daemon4.com\/pt-pt\/wp-json\/wp\/v2\/pages"}],"about":[{"href":"https:\/\/www.daemon4.com\/pt-pt\/wp-json\/wp\/v2\/types\/page"}],"author":[{"embeddable":true,"href":"https:\/\/www.daemon4.com\/pt-pt\/wp-json\/wp\/v2\/users\/1"}],"replies":[{"embeddable":true,"href":"https:\/\/www.daemon4.com\/pt-pt\/wp-json\/wp\/v2\/comments?post=41189"}],"version-history":[{"count":12,"href":"https:\/\/www.daemon4.com\/pt-pt\/wp-json\/wp\/v2\/pages\/41189\/revisions"}],"predecessor-version":[{"id":41753,"href":"https:\/\/www.daemon4.com\/pt-pt\/wp-json\/wp\/v2\/pages\/41189\/revisions\/41753"}],"up":[{"embeddable":true,"href":"https:\/\/www.daemon4.com\/pt-pt\/wp-json\/wp\/v2\/pages\/41185"}],"wp:attachment":[{"href":"https:\/\/www.daemon4.com\/pt-pt\/wp-json\/wp\/v2\/media?parent=41189"}],"curies":[{"name":"wp","href":"https:\/\/api.w.org\/{rel}","templated":true}]}}