{"id":41182,"date":"2023-03-24T10:51:38","date_gmt":"2023-03-24T09:51:38","guid":{"rendered":"https:\/\/www.daemon4.com\/condicoes-contratuais-do-daemon4\/"},"modified":"2025-02-18T10:57:08","modified_gmt":"2025-02-18T09:57:08","slug":"condicoes-contratuais-do-daemon4","status":"publish","type":"page","link":"https:\/\/www.daemon4.com\/pt-pt\/condicoes-contratuais-do-daemon4\/","title":{"rendered":"Condi\u00e7\u00f5es contratuais Daemon4"},"content":{"rendered":"<div class=\"fusion-fullwidth fullwidth-box fusion-builder-row-1 fusion-flex-container nonhundred-percent-fullwidth non-hundred-percent-height-scrolling\" style=\"--awb-border-radius-top-left:0px;--awb-border-radius-top-right:0px;--awb-border-radius-bottom-right:0px;--awb-border-radius-bottom-left:0px;--awb-flex-wrap:wrap;\" ><div class=\"fusion-builder-row fusion-row fusion-flex-align-items-flex-start fusion-flex-content-wrap\" style=\"max-width:1144px;margin-left: calc(-4% \/ 2 );margin-right: calc(-4% \/ 2 );\"><div class=\"fusion-layout-column fusion_builder_column fusion-builder-column-0 fusion_builder_column_1_1 1_1 fusion-flex-column\" style=\"--awb-bg-blend:overlay;--awb-bg-size:cover;--awb-width-large:100%;--awb-margin-top-large:0px;--awb-spacing-right-large:1.92%;--awb-margin-bottom-large:0px;--awb-spacing-left-large:1.92%;--awb-width-medium:100%;--awb-spacing-right-medium:1.92%;--awb-spacing-left-medium:1.92%;--awb-width-small:100%;--awb-spacing-right-small:1.92%;--awb-spacing-left-small:1.92%;\"><div class=\"fusion-column-wrapper fusion-flex-justify-content-flex-start fusion-content-layout-column\"><div class=\"fusion-text fusion-text-1\"><p><img decoding=\"async\" class=\"lazyload size-full wp-image-37855 aligncenter\" src=\"https:\/\/www.daemon4.com\/wp-content\/uploads\/2022\/07\/logo-500px.png\" data-orig-src=\"https:\/\/www.daemon4.com\/wp-content\/uploads\/2022\/07\/logo-500px.png\" alt=\"\" width=\"500\" height=\"158\" srcset=\"data:image\/svg+xml,%3Csvg%20xmlns%3D%27http%3A%2F%2Fwww.w3.org%2F2000%2Fsvg%27%20width%3D%27500%27%20height%3D%27158%27%20viewBox%3D%270%200%20500%20158%27%3E%3Crect%20width%3D%27500%27%20height%3D%27158%27%20fill-opacity%3D%220%22%2F%3E%3C%2Fsvg%3E\" data-srcset=\"https:\/\/www.daemon4.com\/wp-content\/uploads\/2022\/07\/logo-500px-200x63.png 200w, https:\/\/www.daemon4.com\/wp-content\/uploads\/2022\/07\/logo-500px-300x95.png 300w, https:\/\/www.daemon4.com\/wp-content\/uploads\/2022\/07\/logo-500px-400x126.png 400w, https:\/\/www.daemon4.com\/wp-content\/uploads\/2022\/07\/logo-500px.png 500w\" data-sizes=\"auto\" data-orig-sizes=\"(max-width: 500px) 100vw, 500px\" \/><\/p>\n<h1 style=\"text-align: center;\"><strong><a class=\"fusion-modal-text-link\" href=\"#\">CONDI\u00c7\u00d5ES <\/a><a class=\"fusion-modal-text-link\" href=\"#\">CONTRATUAIS<\/a><a class=\"fusion-modal-text-link\" href=\"#\"> DAEMON4<\/a><\/strong><\/h1>\n<ul>\n<li>Na DAEMON4 somos especialistas no desenvolvimento de aplica\u00e7\u00f5es e solu\u00e7\u00f5es de gest\u00e3o para empresas. Utilizamos as tecnologias mais avan\u00e7adas e contamos com uma equipa de especialistas em servi\u00e7os inform\u00e1ticos para empresas fabricantes de m\u00f3veis, m\u00f3veis estofados, sistemas de descanso e ind\u00fastrias afins, assim como armaz\u00e9ns el\u00e9tricos e ferrearias. <\/li>\n<li>Trabalhamos com bases de dados Oracle, a plataforma tecnol\u00f3gica de bases de dados mais potente, fi\u00e1vel e robusta do mercado. Somos distribuidor da Oracle com a categoria de GOLD PARTNER. <\/li>\n<li>Vendemos Software vertical e 100% escal\u00e1vel. Os nossos programas permitem um forte crescimento tecnol\u00f3gico, com produtos modulares que crescem com a sua empresa e lhe permitem escalar o investimento. <\/li>\n<li>Contamos com pessoal especializado \u00e0 sua disposi\u00e7\u00e3o. Pessoal altamente qualificado, com amplo conhecimento do setor a que se destina o ERP e dos seus processos espec\u00edficos. Prestamos suporte especializado de primeiro, segundo e terceiro n\u00edvel.  <\/li>\n<li>Oferecemos competitividade e proximidade com pre\u00e7os abaixo da concorr\u00eancia e um servi\u00e7o centrado nas suas necessidades.<\/li>\n<li>Os nossos programas funcionam em vers\u00e3o web, assim, os nossos ERPs na nuvem oferecem alta conectividade, acessibilidade local e remota de qualquer ponto do mundo e de qualquer dispositivo e navegador.<\/li>\n<li>Temos controlo total do projeto por sermos fabricantes e implementadores do nosso pr\u00f3prio software. Priorizamos a transfer\u00eancia do nosso <em>Know How<\/em> para o cliente em cada implementa\u00e7\u00e3o. <\/li>\n<li>Aportamos um alto valor acrescentado e r\u00e1pido retorno do investimento ao otimizar os recursos e processos de neg\u00f3cios de forma alinhada com as melhores pr\u00e1ticas do mercado.<\/li>\n<\/ul>\n<p><strong><u>PRESTA\u00c7\u00c3O DE SERVI\u00c7OS<\/u><\/strong><\/p>\n<p><strong>IMPLEMENTA\u00c7\u00c3O DE PROJETOS<\/strong><\/p>\n<p>A implementa\u00e7\u00e3o de cada projeto ser\u00e1 sempre realizada sob a dire\u00e7\u00e3o da DAEMON4, seguindo as diretrizes estabelecidas pelo CLIENTE atrav\u00e9s do seu respons\u00e1vel de projeto, encarregado do servi\u00e7o e em estreita colabora\u00e7\u00e3o com o seu pessoal. A designa\u00e7\u00e3o de um <strong>respons\u00e1vel de projeto<\/strong> por parte do cliente \u00e9 <u>condi\u00e7\u00e3o indispens\u00e1vel e obrigat\u00f3ria para a interlocu\u00e7\u00e3o<\/u>. Esta pessoa dever\u00e1 coordenar todos os trabalhos do cliente e ser\u00e1 a \u00fanica respons\u00e1vel pela comunica\u00e7\u00e3o com a DAEMON4.<br \/><strong>A equipa da DAEMON4, S.L. ser\u00e1 composta por:<\/strong> 1 chefe\/diretor de projeto; 2 desenvolvedores\/testadores (sem dedica\u00e7\u00e3o total).<br \/><strong>A equipa do CLIENTE dever\u00e1 definir:<\/strong> 1 respons\u00e1vel de projeto; v\u00e1rios <em>key users<\/em>, que ser\u00e3o os interlocutores com o chefe de projeto da DAEMON4 e se envolver\u00e3o no mesmo. O CLIENTE permitir\u00e1 o <u>acesso e uso das instala\u00e7\u00f5es<\/u> nas quais se encontram as infraestruturas e aplica\u00e7\u00f5es sobre as quais os servi\u00e7os dever\u00e3o ser prestados, disponibilizando \u00e0 DAEMON4, S.L. um <u>ambiente de trabalho adequado e todos os meios<\/u> de escrit\u00f3rio, infraestruturas, aplica\u00e7\u00f5es e autoriza\u00e7\u00f5es de acesso necess\u00e1rias para a correta presta\u00e7\u00e3o dos servi\u00e7os. A rela\u00e7\u00e3o entre as partes \u00e9 <strong>exclusivamente comercial<\/strong>, <u>n\u00e3o existindo v\u00ednculo laboral entre o CLIENTE e o pessoal da DAEMON4<\/u>. A DAEMON4 compromete-se a cumprir com a legisla\u00e7\u00e3o em vigor para o seu pessoal em mat\u00e9ria laboral e de Seguran\u00e7a Social, bem como em quest\u00f5es de seguran\u00e7a e higiene, devendo o CLIENTE assumir as responsabilidades que lhe competem conforme a legisla\u00e7\u00e3o em vigor e a <u>Lei de Preven\u00e7\u00e3o de Riscos Laborais<\/u>. O local de presta\u00e7\u00e3o dos servi\u00e7os ser\u00e1 nas instala\u00e7\u00f5es da DAEMON4, S.L. Durante a vig\u00eancia do servi\u00e7o, <strong> o CLIENTE assegurar\u00e1 que a DAEMON4 possa aceder livremente \u00e1s suas instala\u00e7\u00f5es <\/strong> (com as limita\u00e7\u00f5es e normas de seguran\u00e7a que estejam estabelecidas). Em nenhum caso poder\u00e1 considerar-se um deslocamento \u00e0s instala\u00e7\u00f5es do CLIENTE como uma ced\u00eancia de pessoal.  <\/p>\n<p><strong>MANUTEN\u00c7\u00c3O E CONDI\u00c7\u00d5ES<\/strong><\/p>\n<ul>\n<li>A manuten\u00e7\u00e3o <strong>entrar\u00e1 em vigor um ano ap\u00f3s a emiss\u00e3o da primeira fatura do projeto<\/strong>, com um valor de <u>20% de car\u00e1ter geral<\/u> dos m\u00f3dulos e utilizadores licenciados, assim como dos desenvolvimentos adicionais.<\/li>\n<li>A contrata\u00e7\u00e3o de m\u00f3dulos, utilizadores e\/ou desenvolvimentos no futuro aumentar\u00e1 igualmente o percentual da manuten\u00e7\u00e3o.<\/li>\n<li><u>A contrata\u00e7\u00e3o da manuten\u00e7\u00e3o \u00e9 imprescind\u00edvel<\/u> para garantir a continuidade dos servi\u00e7os evolutivo, corretivo, adaptativo e preventivo, assim como as melhorias legais e normativas. Por isso, <strong>o CLIENTE compromete-se a adquiri-la<\/strong>, sendo a sua n\u00e3o contrata\u00e7\u00e3o motivo para a rescis\u00e3o da rela\u00e7\u00e3o comercial. <\/li>\n<li>A DAEMON4 n\u00e3o garante a manuten\u00e7\u00e3o de vers\u00f5es anteriores \u00e0 \u00faltima vers\u00e3o est\u00e1vel liberada.<\/li>\n<li>O <strong>incumprimento de qualquer um dos prazos<\/strong> de pagamento dos projetos por parte do CLIENTE facultar\u00e1 \u00e0 DAEMON4 a possibilidade de paralizar o servi\u00e7o no estado em que se encontre.<\/li>\n<\/ul>\n<p><strong>For\u00e7a Maior:<\/strong> Ambas as partes ficar\u00e3o isentas das suas respectivas obriga\u00e7\u00f5es nos casos de for\u00e7a maior, incluindo qualquer causa que possa razoavelmente ficar fora do controlo das partes e que impe\u00e7a a correta realiza\u00e7\u00e3o ou cumprimento do contrato (exemplos: desastres naturais, vandalismo, guerra, terrorismo, contamina\u00e7\u00e3o dos sistemas inform\u00e1ticos por v\u00edrus\u2026).<br \/><strong>Retirada do software: A DAEMON4<\/strong> n\u00e3o monitora nem faz qualquer tipo de acompanhamento sobre a atividade e uso das suas aplica\u00e7\u00f5es por parte dos utilizadores. A DAEMON4 \u00e9 a propriet\u00e1ria do software, embora o CLIENTE seja o propriet\u00e1rio e respons\u00e1vel pelo conte\u00fado. A DAEMON4 poder\u00e1 retirar o software (e\/ou denunci\u00e1-lo em casos extremos \u00e0s autoridades competentes) nos seguintes casos:<\/p>\n<ul>\n<li>\u00c9 usado de forma fraudulenta, orienta-se para cometer atividades ilegais, o seu uso \u00e9 inadequado ou viola direitos de terceiros ou leis.<\/li>\n<li>As sugest\u00f5es solicitadas pelo cliente dentro do padr\u00e3o ou os desenvolvimentos sob medida solicitados est\u00e3o a ser utilizados para a comiss\u00e3o de crimes.<\/li>\n<li>Faz-se uso de uma c\u00f3pia n\u00e3o autorizada ou transmite-se a terceiros (mediante venda, aluguer, revenda, empr\u00e9stimo ou presente) sem o devido consentimento da DAEMON4.<\/li>\n<li>Realizam-se pr\u00e1ticas de engenharia reversa, descompila\u00e7\u00e3o e\/ou desmontagem do software.<\/li>\n<li>Realizam-se a\u00e7\u00f5es orientadas a vulnerar o sistema de passwords ou de seguran\u00e7a.<\/li>\n<li>Realiza-se a manipula\u00e7\u00e3o ou altera\u00e7\u00e3o da informa\u00e7\u00e3o com ferramentas alheias \u00e0s fornecidas pela DAEMON4 ou que, tendo sido fornecidas, sejam manipuladas em desacordo com normas ou leis.<\/li>\n<\/ul>\n<p>&nbsp;<\/p>\n<p><strong>RESPONSABILIDADE<\/strong>: A DAEMON4 n\u00e3o ser\u00e1 respons\u00e1vel pelos danos e preju\u00edzos causados ao CLIENTE pela resolu\u00e7\u00e3o do contrato por qualquer das partes. A responsabilidade total da DAEMON4 no projeto em nenhum caso poder\u00e1 exceder o valor recebido at\u00e9 \u00e0 data. Exceto nos casos de responsabilidade decorrente de dolo ou neglig\u00eancia, a DAEMON4 n\u00e3o ser\u00e1 respons\u00e1vel em nenhum caso pela perda de lucros e por quaisquer danos indiretos, tais como perdas de benef\u00edcios, dados ou programas, fundo de com\u00e9rcio e por quaisquer reclama\u00e7\u00f5es de terceiros contra o CLIENTE.<\/p>\n<p>&nbsp;<\/p>\n<p><strong>LEI APLIC\u00c1VEL E JURISDI\u00c7\u00c3O:<\/strong><\/p>\n<p>A interpreta\u00e7\u00e3o e aplica\u00e7\u00e3o do presente contrato ser\u00e3o regidas pela lei espanhola. As partes, renunciando expressamente a qualquer outro foro que lhes possa ser aplic\u00e1vel, submetem-se expressamente \u00e0 jurisdi\u00e7\u00e3o dos Tribunais e Tribunais da cidade de Yecla para o conhecimento de qualquer quest\u00e3o que possa surgir na interpreta\u00e7\u00e3o ou cumprimento desta proposta de servi\u00e7o. <\/p>\n<p>&nbsp;<\/p>\n<p><strong>PLANO DE SA\u00cdDA DAEMON4<\/strong><\/p>\n<p>A Daemon4 disp\u00f5e de um plano de sa\u00edda para os clientes que n\u00e3o desejem continuar a utilizar o servi\u00e7o. Tanto os dados contidos na base de dados fornecida pela Daemon4 como os documentos associados aos registos da base de dados (em qualquer um dos formatos que o cliente tenha utilizado para os vincular) podem ser exportados para um sistema de ficheiros.<\/p>\n<ul>\n<li>O pr\u00f3prio cliente tem a possibilidade de realizar uma exporta\u00e7\u00e3o dos seus dados de todas as tabelas da base de dados em formato CSV. Este processo poder\u00e1 ser realizado de forma aut\u00f3noma e sem a necessidade de assist\u00eancia t\u00e9cnica por parte da Daemon4. <\/li>\n<li>Os documentos ser\u00e3o exportados comprimidos, mantendo os ficheiros no formato original em que foram carregados no software, no entanto, estes ter\u00e3o de ser solicitados ao departamento t\u00e9cnico da Daemon4 e ser\u00e3o entregues por qualquer meio de transfer\u00eancia de ficheiros dispon\u00edvel no momento atual.<\/li>\n<\/ul>\n<p>Ao incorrer em custos de licenciamento, n\u00e3o ser\u00e3o aceites devolu\u00e7\u00f5es de software. O plano de sa\u00edda s\u00f3 implicar\u00e1 custos quando forem necess\u00e1rios servi\u00e7os profissionais da equipa da DAEMON4, por exemplo: <\/p>\n<ul>\n<li>Requerer os seus t\u00e9cnicos para a extra\u00e7\u00e3o do conte\u00fado da base de dados,<\/li>\n<li>Solicita\u00e7\u00e3o dos ficheiros em outro formato<\/li>\n<li>Transforma\u00e7\u00e3o e\/ou carga dos dados para outro sistema<\/li>\n<li>Outros que exijam trabalhos extra n\u00e3o contemplados anteriormente<\/li>\n<\/ul>\n<p><strong>CONFIDENCIALIDADE<\/strong><\/p>\n<p>Para cumprir com o RGPD, ser\u00e1 assinado um acordo de confidencialidade de acordo com a normativa em vigor entre a DAEMON4 e o CLIENTE (Encarregado e Respons\u00e1vel pelo tratamento, respetivamente).<\/p>\n<\/div><\/div><\/div><\/div><\/div>\n","protected":false},"excerpt":{"rendered":"","protected":false},"author":20,"featured_media":0,"parent":0,"menu_order":0,"comment_status":"closed","ping_status":"closed","template":"","meta":{"footnotes":""},"class_list":["post-41182","page","type-page","status-publish","hentry"],"yoast_head":"<!-- This site is optimized with the Yoast SEO plugin v26.8 - https:\/\/yoast.com\/product\/yoast-seo-wordpress\/ -->\n<title>Condi\u00e7\u00f5es contratuais Daemon4<\/title>\n<meta name=\"description\" content=\"Condi\u00e7\u00f5es contratuais da DAEMON4. Para qualquer esclarecimento, n\u00e3o hesite em contactar-nos e atenderemos sem compromisso.\" \/>\n<meta name=\"robots\" content=\"index, follow, max-snippet:-1, max-image-preview:large, max-video-preview:-1\" \/>\n<link rel=\"canonical\" href=\"https:\/\/www.daemon4.com\/pt-pt\/condicoes-contratuais-do-daemon4\/\" \/>\n<meta property=\"og:locale\" content=\"pt_PT\" \/>\n<meta property=\"og:type\" content=\"article\" \/>\n<meta property=\"og:title\" content=\"Condi\u00e7\u00f5es contratuais Daemon4\" \/>\n<meta property=\"og:description\" content=\"Condi\u00e7\u00f5es contratuais da DAEMON4. Para qualquer esclarecimento, n\u00e3o hesite em contactar-nos e atenderemos sem compromisso.\" \/>\n<meta property=\"og:url\" content=\"https:\/\/www.daemon4.com\/pt-pt\/condicoes-contratuais-do-daemon4\/\" \/>\n<meta property=\"og:site_name\" content=\"Daemon4\" \/>\n<meta property=\"article:publisher\" content=\"https:\/\/www.facebook.com\/Daemon4\" \/>\n<meta property=\"article:modified_time\" content=\"2025-02-18T09:57:08+00:00\" \/>\n<meta property=\"og:image\" content=\"https:\/\/www.daemon4.com\/wp-content\/uploads\/2022\/07\/logo-500px.png\" \/>\n\t<meta property=\"og:image:width\" content=\"500\" \/>\n\t<meta property=\"og:image:height\" content=\"158\" \/>\n\t<meta property=\"og:image:type\" content=\"image\/png\" \/>\n<meta name=\"twitter:card\" content=\"summary_large_image\" \/>\n<meta name=\"twitter:site\" content=\"@Daemon4sll\" \/>\n<meta name=\"twitter:label1\" content=\"Tempo estimado de leitura\" \/>\n\t<meta name=\"twitter:data1\" content=\"8 minutos\" \/>\n<script type=\"application\/ld+json\" class=\"yoast-schema-graph\">{\"@context\":\"https:\/\/schema.org\",\"@graph\":[{\"@type\":\"WebPage\",\"@id\":\"https:\/\/www.daemon4.com\/pt-pt\/condicoes-contratuais-do-daemon4\/\",\"url\":\"https:\/\/www.daemon4.com\/pt-pt\/condicoes-contratuais-do-daemon4\/\",\"name\":\"Condi\u00e7\u00f5es contratuais Daemon4\",\"isPartOf\":{\"@id\":\"https:\/\/www.daemon4.com\/pt-pt\/#website\"},\"primaryImageOfPage\":{\"@id\":\"https:\/\/www.daemon4.com\/pt-pt\/condicoes-contratuais-do-daemon4\/#primaryimage\"},\"image\":{\"@id\":\"https:\/\/www.daemon4.com\/pt-pt\/condicoes-contratuais-do-daemon4\/#primaryimage\"},\"thumbnailUrl\":\"https:\/\/www.daemon4.com\/wp-content\/uploads\/2022\/07\/logo-500px.png\",\"datePublished\":\"2023-03-24T09:51:38+00:00\",\"dateModified\":\"2025-02-18T09:57:08+00:00\",\"description\":\"Condi\u00e7\u00f5es contratuais da DAEMON4. Para qualquer esclarecimento, n\u00e3o hesite em contactar-nos e atenderemos sem compromisso.\",\"breadcrumb\":{\"@id\":\"https:\/\/www.daemon4.com\/pt-pt\/condicoes-contratuais-do-daemon4\/#breadcrumb\"},\"inLanguage\":\"pt-PT\",\"potentialAction\":[{\"@type\":\"ReadAction\",\"target\":[\"https:\/\/www.daemon4.com\/pt-pt\/condicoes-contratuais-do-daemon4\/\"]}]},{\"@type\":\"ImageObject\",\"inLanguage\":\"pt-PT\",\"@id\":\"https:\/\/www.daemon4.com\/pt-pt\/condicoes-contratuais-do-daemon4\/#primaryimage\",\"url\":\"https:\/\/www.daemon4.com\/wp-content\/uploads\/2022\/07\/logo-500px.png\",\"contentUrl\":\"https:\/\/www.daemon4.com\/wp-content\/uploads\/2022\/07\/logo-500px.png\"},{\"@type\":\"BreadcrumbList\",\"@id\":\"https:\/\/www.daemon4.com\/pt-pt\/condicoes-contratuais-do-daemon4\/#breadcrumb\",\"itemListElement\":[{\"@type\":\"ListItem\",\"position\":1,\"name\":\"Inicio\",\"item\":\"https:\/\/www.daemon4.com\/pt-pt\/\"},{\"@type\":\"ListItem\",\"position\":2,\"name\":\"Condi\u00e7\u00f5es contratuais Daemon4\"}]},{\"@type\":\"WebSite\",\"@id\":\"https:\/\/www.daemon4.com\/pt-pt\/#website\",\"url\":\"https:\/\/www.daemon4.com\/pt-pt\/\",\"name\":\"Daemon4\",\"description\":\"Software de gesti\u00f3n ERP para empresas\",\"potentialAction\":[{\"@type\":\"SearchAction\",\"target\":{\"@type\":\"EntryPoint\",\"urlTemplate\":\"https:\/\/www.daemon4.com\/pt-pt\/?s={search_term_string}\"},\"query-input\":{\"@type\":\"PropertyValueSpecification\",\"valueRequired\":true,\"valueName\":\"search_term_string\"}}],\"inLanguage\":\"pt-PT\"}]}<\/script>\n<!-- \/ Yoast SEO plugin. -->","yoast_head_json":{"title":"Condi\u00e7\u00f5es contratuais Daemon4","description":"Condi\u00e7\u00f5es contratuais da DAEMON4. Para qualquer esclarecimento, n\u00e3o hesite em contactar-nos e atenderemos sem compromisso.","robots":{"index":"index","follow":"follow","max-snippet":"max-snippet:-1","max-image-preview":"max-image-preview:large","max-video-preview":"max-video-preview:-1"},"canonical":"https:\/\/www.daemon4.com\/pt-pt\/condicoes-contratuais-do-daemon4\/","og_locale":"pt_PT","og_type":"article","og_title":"Condi\u00e7\u00f5es contratuais Daemon4","og_description":"Condi\u00e7\u00f5es contratuais da DAEMON4. Para qualquer esclarecimento, n\u00e3o hesite em contactar-nos e atenderemos sem compromisso.","og_url":"https:\/\/www.daemon4.com\/pt-pt\/condicoes-contratuais-do-daemon4\/","og_site_name":"Daemon4","article_publisher":"https:\/\/www.facebook.com\/Daemon4","article_modified_time":"2025-02-18T09:57:08+00:00","og_image":[{"width":500,"height":158,"url":"https:\/\/www.daemon4.com\/wp-content\/uploads\/2022\/07\/logo-500px.png","type":"image\/png"}],"twitter_card":"summary_large_image","twitter_site":"@Daemon4sll","twitter_misc":{"Tempo estimado de leitura":"8 minutos"},"schema":{"@context":"https:\/\/schema.org","@graph":[{"@type":"WebPage","@id":"https:\/\/www.daemon4.com\/pt-pt\/condicoes-contratuais-do-daemon4\/","url":"https:\/\/www.daemon4.com\/pt-pt\/condicoes-contratuais-do-daemon4\/","name":"Condi\u00e7\u00f5es contratuais Daemon4","isPartOf":{"@id":"https:\/\/www.daemon4.com\/pt-pt\/#website"},"primaryImageOfPage":{"@id":"https:\/\/www.daemon4.com\/pt-pt\/condicoes-contratuais-do-daemon4\/#primaryimage"},"image":{"@id":"https:\/\/www.daemon4.com\/pt-pt\/condicoes-contratuais-do-daemon4\/#primaryimage"},"thumbnailUrl":"https:\/\/www.daemon4.com\/wp-content\/uploads\/2022\/07\/logo-500px.png","datePublished":"2023-03-24T09:51:38+00:00","dateModified":"2025-02-18T09:57:08+00:00","description":"Condi\u00e7\u00f5es contratuais da DAEMON4. Para qualquer esclarecimento, n\u00e3o hesite em contactar-nos e atenderemos sem compromisso.","breadcrumb":{"@id":"https:\/\/www.daemon4.com\/pt-pt\/condicoes-contratuais-do-daemon4\/#breadcrumb"},"inLanguage":"pt-PT","potentialAction":[{"@type":"ReadAction","target":["https:\/\/www.daemon4.com\/pt-pt\/condicoes-contratuais-do-daemon4\/"]}]},{"@type":"ImageObject","inLanguage":"pt-PT","@id":"https:\/\/www.daemon4.com\/pt-pt\/condicoes-contratuais-do-daemon4\/#primaryimage","url":"https:\/\/www.daemon4.com\/wp-content\/uploads\/2022\/07\/logo-500px.png","contentUrl":"https:\/\/www.daemon4.com\/wp-content\/uploads\/2022\/07\/logo-500px.png"},{"@type":"BreadcrumbList","@id":"https:\/\/www.daemon4.com\/pt-pt\/condicoes-contratuais-do-daemon4\/#breadcrumb","itemListElement":[{"@type":"ListItem","position":1,"name":"Inicio","item":"https:\/\/www.daemon4.com\/pt-pt\/"},{"@type":"ListItem","position":2,"name":"Condi\u00e7\u00f5es contratuais Daemon4"}]},{"@type":"WebSite","@id":"https:\/\/www.daemon4.com\/pt-pt\/#website","url":"https:\/\/www.daemon4.com\/pt-pt\/","name":"Daemon4","description":"Software de gesti\u00f3n ERP para empresas","potentialAction":[{"@type":"SearchAction","target":{"@type":"EntryPoint","urlTemplate":"https:\/\/www.daemon4.com\/pt-pt\/?s={search_term_string}"},"query-input":{"@type":"PropertyValueSpecification","valueRequired":true,"valueName":"search_term_string"}}],"inLanguage":"pt-PT"}]}},"_links":{"self":[{"href":"https:\/\/www.daemon4.com\/pt-pt\/wp-json\/wp\/v2\/pages\/41182","targetHints":{"allow":["GET"]}}],"collection":[{"href":"https:\/\/www.daemon4.com\/pt-pt\/wp-json\/wp\/v2\/pages"}],"about":[{"href":"https:\/\/www.daemon4.com\/pt-pt\/wp-json\/wp\/v2\/types\/page"}],"author":[{"embeddable":true,"href":"https:\/\/www.daemon4.com\/pt-pt\/wp-json\/wp\/v2\/users\/20"}],"replies":[{"embeddable":true,"href":"https:\/\/www.daemon4.com\/pt-pt\/wp-json\/wp\/v2\/comments?post=41182"}],"version-history":[{"count":7,"href":"https:\/\/www.daemon4.com\/pt-pt\/wp-json\/wp\/v2\/pages\/41182\/revisions"}],"predecessor-version":[{"id":41886,"href":"https:\/\/www.daemon4.com\/pt-pt\/wp-json\/wp\/v2\/pages\/41182\/revisions\/41886"}],"wp:attachment":[{"href":"https:\/\/www.daemon4.com\/pt-pt\/wp-json\/wp\/v2\/media?parent=41182"}],"curies":[{"name":"wp","href":"https:\/\/api.w.org\/{rel}","templated":true}]}}